{"id":11828,"date":"2020-11-29T14:54:26","date_gmt":"2020-11-29T13:54:26","guid":{"rendered":"https:\/\/www.epic-integrace.cz\/vystupy\/"},"modified":"2024-08-26T19:12:49","modified_gmt":"2024-08-26T17:12:49","slug":"outputs","status":"publish","type":"page","link":"https:\/\/www.epic-integrace.cz\/en\/outputs\/","title":{"rendered":"Outputs"},"content":{"rendered":"\n<style type=\"text\/css\" data-created_by=\"avia_inline_auto\" id=\"style-css-av-5fs91qz-e281fda2438f586e79ce56fc9dcedae5\">\n.avia-section.av-5fs91qz-e281fda2438f586e79ce56fc9dcedae5{\nbackground-color:#109bc5;\nbackground-image:unset;\n}\n<\/style>\n<div id='av_section_1'  class='avia-section av-5fs91qz-e281fda2438f586e79ce56fc9dcedae5 main_color avia-section-small avia-no-border-styling  avia-builder-el-0  el_before_av_one_full  avia-builder-el-first  avia-bg-style-scroll container_wrap fullsize'  ><div class='container av-section-cont-open' ><main  role=\"main\" itemprop=\"mainContentOfPage\"  class='template-page content  av-content-full alpha units'><div class='post-entry post-entry-type-page post-entry-11828'><div class='entry-content-wrapper clearfix'>\n\n<style type=\"text\/css\" data-created_by=\"avia_inline_auto\" id=\"style-css-av-ki398eo7-277f23b603f7d5f3ec8ea4d8b1e38859\">\n#top .av-special-heading.av-ki398eo7-277f23b603f7d5f3ec8ea4d8b1e38859{\npadding-bottom:0;\ncolor:#ffffff;\nfont-size:25px;\n}\nbody .av-special-heading.av-ki398eo7-277f23b603f7d5f3ec8ea4d8b1e38859 .av-special-heading-tag .heading-char{\nfont-size:25px;\n}\n#top #wrap_all .av-special-heading.av-ki398eo7-277f23b603f7d5f3ec8ea4d8b1e38859 .av-special-heading-tag{\nfont-size:25px;\n}\n.av-special-heading.av-ki398eo7-277f23b603f7d5f3ec8ea4d8b1e38859 .special-heading-inner-border{\nborder-color:#ffffff;\n}\n.av-special-heading.av-ki398eo7-277f23b603f7d5f3ec8ea4d8b1e38859 .av-subheading{\nfont-size:20px;\n}\n\n@media only screen and (min-width: 480px) and (max-width: 767px){ \n#top #wrap_all .av-special-heading.av-ki398eo7-277f23b603f7d5f3ec8ea4d8b1e38859 .av-special-heading-tag{\nfont-size:0.8em;\n}\n}\n\n@media only screen and (max-width: 479px){ \n#top #wrap_all .av-special-heading.av-ki398eo7-277f23b603f7d5f3ec8ea4d8b1e38859 .av-special-heading-tag{\nfont-size:0.8em;\n}\n}\n<\/style>\n<div  class='av-special-heading av-ki398eo7-277f23b603f7d5f3ec8ea4d8b1e38859 av-special-heading-h1 custom-color-heading blockquote modern-quote  avia-builder-el-1  avia-builder-el-no-sibling  av-inherit-size'><h1 class='av-special-heading-tag '  itemprop=\"headline\"  >Outputs<\/h1><div class=\"special-heading-border\"><div class=\"special-heading-inner-border\"><\/div><\/div><\/div>\n<\/div><\/div><\/main><!-- close content main element --><\/div><\/div><div id='after_section_1'  class='main_color av_default_container_wrap container_wrap fullsize'  ><div class='container av-section-cont-open' ><div class='template-page content  av-content-full alpha units'><div class='post-entry post-entry-type-page post-entry-11828'><div class='entry-content-wrapper clearfix'>\n\n<style type=\"text\/css\" data-created_by=\"avia_inline_auto\" id=\"style-css-av-24klh8-0f350c220015c4089ef86e9fa4424df9\">\n.flex_column.av-24klh8-0f350c220015c4089ef86e9fa4424df9{\nborder-radius:0px 0px 0px 0px;\npadding:0px 0px 0px 0px;\n}\n<\/style>\n<div  class='flex_column av-24klh8-0f350c220015c4089ef86e9fa4424df9 av_one_full  avia-builder-el-2  el_after_av_section  avia-builder-el-no-sibling  first flex_column_div av-zero-column-padding  '     ><section  class='av_textblock_section av-ki35bskt-2b2aaead0b28a7d6fd3a4e2af276866b '   itemscope=\"itemscope\" itemtype=\"https:\/\/schema.org\/CreativeWork\" ><div class='avia_textblock'  itemprop=\"text\" ><p><strong>Publications:<\/strong><\/p>\n<p class=\"Text\">PA\u0158\u00cdZKOV\u00c1, A., HIRT, T., GLAJCHOV\u00c1, A., RUMP\u00cdK, V., \u0158EZ\u00c1\u010c, K., P\u011aCHOTA, J., GALETA, P. 2023.\u00a0<i>Metodika anal\u00fdzy integra\u010dn\u00edch pot\u0159eb dr\u017eitel\u016f mezin\u00e1rodn\u00ed ochrany<\/i>. Plze\u0148: Z\u010cU. Dostupn\u00e9 z:\u00a0<a href=\"https:\/\/www.epic-integrace.cz\/wp-content\/uploads\/2024\/01\/metodika-analyzy-integracnich-potreb-v4.pdf\">https:\/\/www.epic-integrace.cz\/wp-content\/uploads\/2024\/01\/metodika-analyzy-integracnich-potreb-v4.pdf<\/a><\/p>\n<p>PA\u0158\u00cdZKOV\u00c1, A., \u0158EZ\u00c1\u010c, K., HIRT, T., GLAJCHOV\u00c1, A., RUMP\u00cdK, V., P\u011aCHOTA, J., 2023.\u00a0<i>Metodika evaluace integra\u010dn\u00ed pr\u00e1ce<\/i>. Plze\u0148: Z\u010cU. Dostupn\u00e9 z: <a href=\"https:\/\/www.epic-integrace.cz\/wp-content\/uploads\/2024\/01\/metodika_2_evaluace-integracni-prace_fin.pdf\">https:\/\/www.epic-integrace.cz\/wp-content\/uploads\/2024\/01\/metodika_2_evaluace-integracni-prace_fin.pdf<\/a><\/p>\n<p>PA\u0158\u00cdZKOV\u00c1, A., \u0158EZ\u00c1\u010c, K., GLAJCHOV\u00c1, A., HIRT, T., RUMP\u00cdK, V., P\u011aCHOTA, J., 2023. <em>Evaluace procesu integrace cizinc\u016f &#8211; Souhrnn\u00e1 v\u00fdzkumn\u00e1 zpr\u00e1va.<\/em> Plze\u0148: Z\u010cU. Dostupn\u00e9 z: <a href=\"https:\/\/www.epic-integrace.cz\/wp-content\/uploads\/2024\/08\/souhrnna-vyzkumna-zprava-2024-v7.pdf\">https:\/\/www.epic-integrace.cz\/wp-content\/uploads\/2024\/08\/souhrnna-vyzkumna-zprava-2024-v7.pdf<\/a><\/p>\n<p><strong>Workshops:<\/strong><\/p>\n<p>HIRT, T., P\u011aCHOTA, J. 2023. Metodika anal\u00fdzy integra\u010dn\u00edch pot\u0159eb dr\u017eitel\u016f mezin\u00e1rodn\u00ed ochrany: workshop pro aplika\u010dn\u00edho garanta. Pardubice: Spr\u00e1vy uprchlick\u00fdch za\u0159\u00edzen\u00ed Ministerstva vnitra, 10. 5. 2023.<\/p>\n<p>GLAJCHOV\u00c1, A., HIRT, T., P\u011aCHOTA, J., RUMP\u00cdK, V., \u0158EZ\u00c1\u010c, K. 2023. Soci\u00e1ln\u00ed integrace &amp; APIC: workshop pro ve\u0159ejnou spr\u00e1vu. Plze\u0148: Z\u010cU, 12. 9. 2023.<\/p>\n<p>RUMP\u00cdK, V., HIRT, T., P\u011aCHOTA, J., GLAJCHOV\u00c1, A., \u0158EZ\u00c1\u010c, K. 2023. Soci\u00e1ln\u00ed integrace &amp; APIC: workshop pro neziskov\u00e9 organizace. Plze\u0148: Z\u010cU, 14. 9. 2023.<\/p>\n<\/div><\/section><\/div>\n","protected":false},"excerpt":{"rendered":"","protected":false},"author":1,"featured_media":0,"parent":0,"menu_order":0,"comment_status":"closed","ping_status":"closed","template":"","meta":{"footnotes":""},"class_list":["post-11828","page","type-page","status-publish","hentry"],"_links":{"self":[{"href":"https:\/\/www.epic-integrace.cz\/en\/wp-json\/wp\/v2\/pages\/11828","targetHints":{"allow":["GET"]}}],"collection":[{"href":"https:\/\/www.epic-integrace.cz\/en\/wp-json\/wp\/v2\/pages"}],"about":[{"href":"https:\/\/www.epic-integrace.cz\/en\/wp-json\/wp\/v2\/types\/page"}],"author":[{"embeddable":true,"href":"https:\/\/www.epic-integrace.cz\/en\/wp-json\/wp\/v2\/users\/1"}],"replies":[{"embeddable":true,"href":"https:\/\/www.epic-integrace.cz\/en\/wp-json\/wp\/v2\/comments?post=11828"}],"version-history":[{"count":7,"href":"https:\/\/www.epic-integrace.cz\/en\/wp-json\/wp\/v2\/pages\/11828\/revisions"}],"predecessor-version":[{"id":12292,"href":"https:\/\/www.epic-integrace.cz\/en\/wp-json\/wp\/v2\/pages\/11828\/revisions\/12292"}],"wp:attachment":[{"href":"https:\/\/www.epic-integrace.cz\/en\/wp-json\/wp\/v2\/media?parent=11828"}],"curies":[{"name":"wp","href":"https:\/\/api.w.org\/{rel}","templated":true}]}}